{"id":189,"date":"2020-11-09T16:12:35","date_gmt":"2020-11-09T15:12:35","guid":{"rendered":"https:\/\/bci.univ-lille.fr\/en\/?page_id=189"},"modified":"2020-11-10T15:47:02","modified_gmt":"2020-11-10T14:47:02","slug":"supervision","status":"publish","type":"page","link":"https:\/\/bci.univ-lille.fr\/en\/team\/hakim-si-mohammed\/supervision\/","title":{"rendered":"Hakim Si-Mohammed, supervision"},"content":{"rendered":"<h2>Co-supervision of PhD theses<\/h2>\n<div id=\"theses\">\n  <dl class=\"these\">\n    <dt class=\"champ\">auteur<\/dt><dd class=\"valeur auteur\"><a href=\"https:\/\/www.idref.fr\/084326611\">Madain P\u00e9rez Patricio<\/a><\/dd>\n    <dt class=\"champ\">titre<\/dt><dd class=\"valeur titre\">Dense stereovision by real-time adaptive processing : algorithms and implementation<\/dd>\n    <dt class=\"champ\">soutenance<\/dt><dd class=\"valeur soutenance\">1<sup>st<\/sup> January 2005<\/dd>\n    <dt class=\"champ\">etablissement<\/dt><dd class=\"valeur etablissement\"><a href=\"https:\/\/www.idref.fr\/026404184\">Lille 1<\/a><\/dd>\n    <dt class=\"champ\">discipline<\/dt><dd class=\"valeur discipline\">Informatique industrielle et automatique<\/dd>\n    <dt class=\"champ\">directeurs<\/dt><dd class=\"valeur directeurs\">supervised by <a href=\"https:\/\/www.idref.fr\/076526267\">Fran\u00e7ois Cabestaing<\/a> and <a href=\"https:\/\/www.idref.fr\/077863747\">Olivier Colot<\/a>.<\/dd>\n    <dt class=\"champ\">document<\/dt><dd class=\"valeur document\"><a href=\"https:\/\/theses.fr\/2005LIL10004\">2005LIL10004<\/a><\/dd>\n  <\/dl>\n  <dl class=\"these\">\n    <dt class=\"champ\">auteur<\/dt><dd class=\"valeur auteur\"><a href=\"https:\/\/www.idref.fr\/117464406\">Tarek Yahiaoui<\/a><\/dd>\n    <dt class=\"champ\">titre<\/dt><dd class=\"valeur titre\">A dense stereovision approach integrating similarity constraints : application to counting passengers entering and outgoing of a bus<\/dd>\n    <dt class=\"champ\">soutenance<\/dt><dd class=\"valeur soutenance\">1<sup>st<\/sup> January 2007<\/dd>\n    <dt class=\"champ\">etablissement<\/dt><dd class=\"valeur etablissement\"><a href=\"https:\/\/www.idref.fr\/026404184\">Lille 1<\/a><\/dd>\n    <dt class=\"champ\">discipline<\/dt><dd class=\"valeur discipline\">Informatique industrielle et automatique<\/dd>\n    <dt class=\"champ\">directeurs<\/dt><dd class=\"valeur directeurs\">supervised by <a href=\"https:\/\/www.idref.fr\/076526267\">Fran\u00e7ois Cabestaing<\/a> and <a href=\"https:\/\/www.idref.fr\/118971603\">Louahdi Khoudour<\/a>.<\/dd>\n    <dt class=\"champ\">document<\/dt><dd class=\"valeur document\"><a href=\"https:\/\/theses.fr\/2007LIL10015\">2007LIL10015<\/a><\/dd>\n  <\/dl>\n  <dl class=\"these\">\n    <dt class=\"champ\">auteur<\/dt><dd class=\"valeur auteur\"><a href=\"https:\/\/www.idref.fr\/128922591\">S\u00e9bastien Lefebvre<\/a><\/dd>\n    <dt class=\"champ\">titre<\/dt><dd class=\"valeur titre\">A 1D approach to correlation-based stereo matching : application to obstacle detection on a road<\/dd>\n    <dt class=\"champ\">soutenance<\/dt><dd class=\"valeur soutenance\">7<sup>th<\/sup> March 2008<\/dd>\n    <dt class=\"champ\">etablissement<\/dt><dd class=\"valeur etablissement\"><a href=\"https:\/\/www.idref.fr\/026404184\">Lille 1<\/a><\/dd>\n    <dt class=\"champ\">discipline<\/dt><dd class=\"valeur discipline\">Automatique, G\u00e9nie informatique, Traitement du signal et des images<\/dd>\n    <dt class=\"champ\">directeurs<\/dt><dd class=\"valeur directeurs\">supervised by <a href=\"https:\/\/www.idref.fr\/076526267\">Fran\u00e7ois Cabestaing<\/a> and <a href=\"https:\/\/www.idref.fr\/060928395\">S\u00e9bastien Ambellouis<\/a>.<\/dd>\n    <dt class=\"champ\">document<\/dt><dd class=\"valeur document\"><a href=\"https:\/\/theses.fr\/2008LIL10032\">2008LIL10032<\/a><\/dd>\n  <\/dl>\n  <dl class=\"these\">\n    <dt class=\"champ\">auteur<\/dt><dd class=\"valeur auteur\"><a href=\"https:\/\/www.idref.fr\/199442886\">Alban Dupr\u00e8s<\/a><\/dd>\n    <dt class=\"champ\">titre<\/dt><dd class=\"valeur titre\">Hybrid brain-machine interface to palliate handicap caused by Duchenne muscular dystrophy<\/dd>\n    <dt class=\"champ\">soutenance<\/dt><dd class=\"valeur soutenance\">12<sup>th<\/sup> January 2016<\/dd>\n    <dt class=\"champ\">etablissement<\/dt><dd class=\"valeur etablissement\"><a href=\"https:\/\/www.idref.fr\/026404184\">Lille 1<\/a><\/dd>\n    <dt class=\"champ\">discipline<\/dt><dd class=\"valeur discipline\">Automatique, G\u00e9nie informatique, Traitement du Signal et des Images<\/dd>\n    <dt class=\"champ\">directeurs<\/dt><dd class=\"valeur directeurs\">supervised by <a href=\"https:\/\/www.idref.fr\/082011265\">Jos\u00e9 Rouillard<\/a> and <a href=\"https:\/\/www.idref.fr\/076526267\">Fran\u00e7ois Cabestaing<\/a>.<\/dd>\n    <dt class=\"champ\">document<\/dt><dd class=\"valeur document\"><a href=\"https:\/\/theses.fr\/2016LIL10148\">2016LIL10148<\/a><\/dd>\n  <\/dl>\n  <dl class=\"these\">\n    <dt class=\"champ\">auteur<\/dt><dd class=\"valeur auteur\"><a href=\"https:\/\/www.idref.fr\/153634928\">Hachem Halawana<\/a><\/dd>\n    <dt class=\"champ\">titre<\/dt><dd class=\"valeur titre\">Partial demosaicing of CFA images for stereo matching<\/dd>\n    <dt class=\"champ\">soutenance<\/dt><dd class=\"valeur soutenance\">1<sup>st<\/sup> January 1970<\/dd>\n    <dt class=\"champ\">etablissement<\/dt><dd class=\"valeur etablissement\"><a href=\"https:\/\/www.idref.fr\/026404184\">Lille 1<\/a><\/dd>\n    <dt class=\"champ\">discipline<\/dt><dd class=\"valeur discipline\">Automatique, g\u00e9nie informatique, traitement du signal et des images<\/dd>\n    <dt class=\"champ\">directeurs<\/dt><dd class=\"valeur directeurs\">supervised by <a href=\"https:\/\/www.idref.fr\/076526267\">Fran\u00e7ois Cabestaing<\/a> and <a href=\"https:\/\/www.idref.fr\/06065614X\">Ludovic Macaire<\/a>.<\/dd>\n    <dt class=\"champ\">document<\/dt><dd class=\"valeur document\"><a href=\"https:\/\/theses.fr\/2010LIL10149\">2010LIL10149<\/a><\/dd>\n  <\/dl>\n  <dl class=\"these\">\n    <dt class=\"champ\">auteur<\/dt><dd class=\"valeur auteur\"><a href=\"https:\/\/www.idref.fr\/144717824\">Yara Bachalany<\/a><\/dd>\n    <dt class=\"champ\">titre<\/dt><dd class=\"valeur titre\">3D motion estimation of a reflective sphere<\/dd>\n    <dt class=\"champ\">soutenance<\/dt><dd class=\"valeur soutenance\">1<sup>st<\/sup> January 1970<\/dd>\n    <dt class=\"champ\">etablissement<\/dt><dd class=\"valeur etablissement\"><a href=\"https:\/\/www.idref.fr\/026404184\">Lille 1<\/a><\/dd>\n    <dt class=\"champ\">discipline<\/dt><dd class=\"valeur discipline\">Automatique, G\u00e9nie Informatique, Traitement du Signal et des Images<\/dd>\n    <dt class=\"champ\">directeurs<\/dt><dd class=\"valeur directeurs\">supervised by <a href=\"https:\/\/www.idref.fr\/076526267\">Fran\u00e7ois Cabestaing<\/a> and <a href=\"https:\/\/www.idref.fr\/060928395\">S\u00e9bastien Ambellouis<\/a>.<\/dd>\n    <dt class=\"champ\">document<\/dt><dd class=\"valeur document\"><a href=\"https:\/\/theses.fr\/2009LIL10142\">2009LIL10142<\/a><\/dd>\n  <\/dl>\n  <dl class=\"these\">\n    <dt class=\"champ\">auteur<\/dt><dd class=\"valeur auteur\"><a href=\"https:\/\/www.idref.fr\/271886048\">Jimmy Petit<\/a><\/dd>\n    <dt class=\"champ\">titre<\/dt><dd class=\"valeur titre\">Somatosensory gating for brain-computer interfaces using vibro-tactile stimulations<\/dd>\n    <dt class=\"champ\">soutenance<\/dt><dd class=\"valeur soutenance\">12<sup>th<\/sup> June 2022<\/dd>\n    <dt class=\"champ\">etablissement<\/dt><dd class=\"valeur etablissement\"><a href=\"https:\/\/www.idref.fr\/259265152\">Universit\u00e9 de Lille (2022-....)<\/a><\/dd>\n    <dt class=\"champ\">discipline<\/dt><dd class=\"valeur discipline\">Traitement du signal et des images<\/dd>\n    <dt class=\"champ\">directeurs<\/dt><dd class=\"valeur directeurs\">supervised by <a href=\"https:\/\/www.idref.fr\/076526267\">Fran\u00e7ois Cabestaing<\/a> and <a href=\"https:\/\/www.idref.fr\/082011265\">Jos\u00e9 Rouillard<\/a>.<\/dd>\n    <dt class=\"champ\">document<\/dt><dd class=\"valeur document\"><a href=\"https:\/\/theses.fr\/2022ULILB051\">2022ULILB051<\/a><\/dd>\n  <\/dl>\n<\/div>\n\n<h2>Co-advising of PhD theses<\/h2>\n<div id=\"theses\">\n<dl class=\"these\">\n<dt class=\"champ\">auteur<\/dt>\n<dd class=\"valeur auteur\"><a href=\"https:\/\/www.idref.fr\/060928395\">S\u00e9bastien Ambellouis<\/a><\/dd>\n<dt class=\"champ\">titre<\/dt>\n<dd class=\"valeur titre\">Analyse du mouvement dans les s\u00e9quences d&#8217;images par une m\u00e9thode r\u00e9cursive de filtrage spatio-temporel s\u00e9lectif<\/dd>\n<dt class=\"champ\">soutenance<\/dt>\n<dd class=\"valeur soutenance\">26<sup>th<\/sup> January 2000<\/dd>\n<dt class=\"champ\">etablissement<\/dt>\n<dd class=\"valeur etablissement\"><a href=\"https:\/\/www.idref.fr\/026404184\">Lille 1<\/a><\/dd>\n<dt class=\"champ\">discipline<\/dt>\n<dd class=\"valeur discipline\">Productique, automatique et informatique industrielle<\/dd>\n<dt class=\"champ\">directeur<\/dt>\n<dd class=\"valeur directeur\"><a href=\"https:\/\/www.idref.fr\/059149019\">Jack-G\u00e9rard Postaire<\/a> and <a href=\"https:\/\/www.idref.fr\/076526267\">Fran\u00e7ois Cabestaing<\/a><\/dd>\n<dt class=\"champ\">document<\/dt>\n<dd class=\"valeur document\"><a href=\"http:\/\/www.theses.fr\/2000LIL10039\/document\">2000LIL10039<\/a><\/dd>\n<\/dl>\n<dl class=\"these\">\n<dt class=\"champ\">auteur<\/dt>\n<dd class=\"valeur auteur\"><a href=\"https:\/\/www.idref.fr\/121412792\">Wei Wu<\/a><\/dd>\n<dt class=\"champ\">titre<\/dt>\n<dd class=\"valeur titre\">Synth\u00e8se d&#8217;un contr\u00f4leur flou par algorithme g\u00e9n\u00e9tique : application au r\u00e9glage dynamique des param\u00e8tres d&#8217;un syst\u00e8me<\/dd>\n<dt class=\"champ\">soutenance<\/dt>\n<dd class=\"valeur soutenance\">18<sup>th<\/sup> December 1998<\/dd>\n<dt class=\"champ\">etablissement<\/dt>\n<dd class=\"valeur etablissement\"><a href=\"https:\/\/www.idref.fr\/026404184\">Lille 1<\/a><\/dd>\n<dt class=\"champ\">discipline<\/dt>\n<dd class=\"valeur discipline\">Informatique industrielle et automatique<\/dd>\n<dt class=\"champ\">directeur<\/dt>\n<dd class=\"valeur directeur\"><a href=\"https:\/\/www.idref.fr\/059149019\">Jack-G\u00e9rard Postaire<\/a> and <a href=\"https:\/\/www.idref.fr\/076526267\">Fran\u00e7ois Cabestaing<\/a><\/dd>\n<dt class=\"champ\">document<\/dt>\n<dd class=\"valeur document\"><a href=\"http:\/\/www.theses.fr\/1998LIL10120\/document\">1998LIL10120<\/a><\/dd>\n<\/dl>\n<\/div>\n","protected":false},"excerpt":{"rendered":"<p>Co-supervision of PhD theses Co-advising of PhD theses auteur S\u00e9bastien Ambellouis titre Analyse du mouvement dans les s\u00e9quences d&#8217;images par une m\u00e9thode r\u00e9cursive de filtrage spatio-temporel s\u00e9lectif soutenance 26th January 2000 etablissement Lille 1 discipline Productique, automatique et informatique industrielle directeur Jack-G\u00e9rard Postaire and Fran\u00e7ois Cabestaing document 2000LIL10039 auteur Wei Wu titre Synth\u00e8se d&#8217;un contr\u00f4leur &hellip; <\/p>\n<p><a class=\"more-link btn\" href=\"https:\/\/bci.univ-lille.fr\/en\/team\/hakim-si-mohammed\/supervision\/\">Continue reading<\/a><\/p>\n","protected":false},"author":7,"featured_media":0,"parent":182,"menu_order":0,"comment_status":"closed","ping_status":"closed","template":"","meta":{"footnotes":""},"_links":{"self":[{"href":"https:\/\/bci.univ-lille.fr\/en\/wp-json\/wp\/v2\/pages\/189"}],"collection":[{"href":"https:\/\/bci.univ-lille.fr\/en\/wp-json\/wp\/v2\/pages"}],"about":[{"href":"https:\/\/bci.univ-lille.fr\/en\/wp-json\/wp\/v2\/types\/page"}],"author":[{"embeddable":true,"href":"https:\/\/bci.univ-lille.fr\/en\/wp-json\/wp\/v2\/users\/7"}],"replies":[{"embeddable":true,"href":"https:\/\/bci.univ-lille.fr\/en\/wp-json\/wp\/v2\/comments?post=189"}],"version-history":[{"count":1,"href":"https:\/\/bci.univ-lille.fr\/en\/wp-json\/wp\/v2\/pages\/189\/revisions"}],"predecessor-version":[{"id":190,"href":"https:\/\/bci.univ-lille.fr\/en\/wp-json\/wp\/v2\/pages\/189\/revisions\/190"}],"up":[{"embeddable":true,"href":"https:\/\/bci.univ-lille.fr\/en\/wp-json\/wp\/v2\/pages\/182"}],"wp:attachment":[{"href":"https:\/\/bci.univ-lille.fr\/en\/wp-json\/wp\/v2\/media?parent=189"}],"curies":[{"name":"wp","href":"https:\/\/api.w.org\/{rel}","templated":true}]}}