{"id":34,"date":"2018-11-14T09:36:10","date_gmt":"2018-11-14T08:36:10","guid":{"rendered":"https:\/\/bci.univ-lille.fr\/en\/?page_id=34"},"modified":"2025-05-19T16:12:58","modified_gmt":"2025-05-19T14:12:58","slug":"team","status":"publish","type":"page","link":"https:\/\/bci.univ-lille.fr\/en\/team\/","title":{"rendered":"Members"},"content":{"rendered":"<h2>Permanent researchers<\/h2>\n<ul>\n<li><a title=\"Marie-H\u00e9l\u00e8ne Bekaert\" href=\"\/equipe\/marie-helene-bekaert\/\">Marie-H\u00e9l\u00e8ne <strong class=\"small\">BEKAERT<\/strong><\/a>, Associate Professor at Lille University<\/li>\n<li><a title=\"Fran\u00e7ois Cabestaing\" href=\"\/en\/team\/francois-cabestaing\/\">Fran\u00e7ois <strong class=\"small\">CABESTAING<\/strong><\/a>, Professor at Lille University, team leader<\/li>\n<li><a title=\"Jos\u00e9 Rouillard\" href=\"\/equipe\/jose-rouillard\/\">Jos\u00e9 <strong class=\"small\">ROUILLARD<\/strong><\/a>, Associate Professor at Lille University, HDR<\/li>\n<li><a title=\"Hakim Si-Mohammed\" href=\"\/en\/team\/hakim-si-mohammed\/\">Hakim <strong class=\"small\">SI-MOHAMMED<\/strong><\/a>, Associate Professor at Lille University<\/li>\n<li><a title=\"Jean-Marc Vannobel\" href=\"\/equipe\/jean-marc-vannobel\/\">Jean-Marc <strong class=\"small\">VANNOBEL<\/strong><\/a>, Associate Professor at Lille University<\/li>\n<\/ul>\n<h2>PhD students<\/h2>\n<ul>\n<li><a title=\"Ga\u00ebl Van Der Lee\" href=\"\/en\/team\/gael-van-der-lee\/\">Ga\u00ebl <strong class=\"small\">VAN DER LEE<\/strong><\/a>, Lille University, from December 2022 to November 2025<\/li>\n<\/ul>\n<h2>Former members<\/h2>\n<p>\n<span style=\"display: inline-block; width: 230px;\">Arne Van Den Kerchove<\/span><span style=\"display: inline-block; width: 230px;\">Candela Donantueno<\/span><span style=\"display: inline-block; width: 230px;\">Claudine Lecocq<\/span><span style=\"display: inline-block; width: 230px;\">Jimmy Petit<\/span><span style=\"display: inline-block; width: 230px;\">Youssef Guedira<\/span><span style=\"display: inline-block; width: 230px;\">Alban Dupr\u00e8s<\/span>\n<\/p>\n<h2>Former interns<\/h2>\n<p>\n<span style=\"display: inline-block; width: 230px;\">Abdallah Toumji<\/span><span style=\"display: inline-block; width: 230px;\">L\u00e9o Garcia<\/span><span style=\"display: inline-block; width: 230px;\">Juliette Meunier<\/span><span style=\"display: inline-block; width: 230px;\">Phil\u00e9mon Berne<\/span><span style=\"display: inline-block; width: 230px;\">Jean Baumann<\/span><span style=\"display: inline-block; width: 230px;\">Maxence Naud<\/span><span style=\"display: inline-block; width: 230px;\">Maria-Isabel Casso-Echalar<\/span><span style=\"display: inline-block; width: 230px;\">Lucie Fontaine<\/span><span style=\"display: inline-block; width: 230px;\">Claire Dussard<\/span><span style=\"display: inline-block; width: 230px;\">Camille Bordeau<\/span><span style=\"display: inline-block; width: 230px;\">Smeety Pramij<\/span><span style=\"display: inline-block; width: 230px;\">Oussama Saddouk<\/span><span style=\"display: inline-block; width: 230px;\">Charlotte Piau<\/span><span style=\"display: inline-block; width: 230px;\">Alban Dupr\u00e8s<\/span><\/p>\n","protected":false},"excerpt":{"rendered":"<p>Permanent researchers Marie-H\u00e9l\u00e8ne BEKAERT, Associate Professor at Lille University Fran\u00e7ois CABESTAING, Professor at Lille University, team leader Jos\u00e9 ROUILLARD, Associate Professor at Lille University, HDR Hakim SI-MOHAMMED, Associate Professor at Lille University Jean-Marc VANNOBEL, Associate Professor at Lille University PhD students Ga\u00ebl VAN DER LEE, Lille University, from December 2022 to November 2025 Former members &hellip; <\/p>\n<p><a class=\"more-link btn\" href=\"https:\/\/bci.univ-lille.fr\/en\/team\/\">Continue reading<\/a><\/p>\n","protected":false},"author":1,"featured_media":0,"parent":0,"menu_order":0,"comment_status":"closed","ping_status":"closed","template":"","meta":{"footnotes":""},"_links":{"self":[{"href":"https:\/\/bci.univ-lille.fr\/en\/wp-json\/wp\/v2\/pages\/34"}],"collection":[{"href":"https:\/\/bci.univ-lille.fr\/en\/wp-json\/wp\/v2\/pages"}],"about":[{"href":"https:\/\/bci.univ-lille.fr\/en\/wp-json\/wp\/v2\/types\/page"}],"author":[{"embeddable":true,"href":"https:\/\/bci.univ-lille.fr\/en\/wp-json\/wp\/v2\/users\/1"}],"replies":[{"embeddable":true,"href":"https:\/\/bci.univ-lille.fr\/en\/wp-json\/wp\/v2\/comments?post=34"}],"version-history":[{"count":25,"href":"https:\/\/bci.univ-lille.fr\/en\/wp-json\/wp\/v2\/pages\/34\/revisions"}],"predecessor-version":[{"id":313,"href":"https:\/\/bci.univ-lille.fr\/en\/wp-json\/wp\/v2\/pages\/34\/revisions\/313"}],"wp:attachment":[{"href":"https:\/\/bci.univ-lille.fr\/en\/wp-json\/wp\/v2\/media?parent=34"}],"curies":[{"name":"wp","href":"https:\/\/api.w.org\/{rel}","templated":true}]}}